{"id":179,"date":"2020-09-17T17:39:37","date_gmt":"2020-09-17T20:39:37","guid":{"rendered":"https:\/\/www.topofilosofia.net\/cisonhos\/?page_id=179"},"modified":"2020-09-19T15:33:07","modified_gmt":"2020-09-19T18:33:07","slug":"metodologia","status":"publish","type":"page","link":"https:\/\/www.topofilosofia.net\/cisonhos\/metodologia\/","title":{"rendered":"metodologia"},"content":{"rendered":"<div class=\"color5-background-color color-5-text-contrast bg-background-color tmpl-portfolio-6 boldgrid-section dynamic-gridblock\">\n<div class=\"container\">\n<div class=\"row\" style=\"padding: 20px 0;\">\n<div class=\"col-md-12 col-xs-12 col-sm-12 text-center\">\n<h2 class=\"\" style=\"margin: 10px 0px;\">os quatro eixos metodol\u00f3gicos<\/h2>\n<h3 class=\"\" style=\"margin: 5px 0px; letter-spacing: 4.9px;\">Lu\u00eds Carlos Petry<\/h3>\n<div class=\"row bg-editor-hr-wrap\">\n<div class=\"col-md-12 col-xs-12 col-sm-12\">\n<hr class=\"color3-color bg-hr\" width=\"40%\">\n<\/div>\n<\/div>\n<p class=\"\"><b>*<\/b><\/p>\n<\/div>\n<\/div>\n<div class=\"row\" style=\"padding-bottom: 20px;\">\n<div class=\"col-md-12 col-xs-12 col-sm-12 text-center\">\n<p class=\"mod-reset\"><img loading=\"lazy\" decoding=\"async\" class=\"bg-img bg-img-hexagon alignnone wp-image-209 size-full\" src=\"https:\/\/www.topofilosofia.net\/cisonhos\/wp-content\/uploads\/2020\/09\/cons_Freud.jpg\" alt=\"\" width=\"1140\" height=\"570\" srcset=\"https:\/\/www.topofilosofia.net\/cisonhos\/wp-content\/uploads\/2020\/09\/cons_Freud.jpg 1140w, https:\/\/www.topofilosofia.net\/cisonhos\/wp-content\/uploads\/2020\/09\/cons_Freud-300x150.jpg 300w, https:\/\/www.topofilosofia.net\/cisonhos\/wp-content\/uploads\/2020\/09\/cons_Freud-1024x512.jpg 1024w, https:\/\/www.topofilosofia.net\/cisonhos\/wp-content\/uploads\/2020\/09\/cons_Freud-768x384.jpg 768w, https:\/\/www.topofilosofia.net\/cisonhos\/wp-content\/uploads\/2020\/09\/cons_Freud-250x125.jpg 250w, https:\/\/www.topofilosofia.net\/cisonhos\/wp-content\/uploads\/2020\/09\/cons_Freud-550x275.jpg 550w, https:\/\/www.topofilosofia.net\/cisonhos\/wp-content\/uploads\/2020\/09\/cons_Freud-800x400.jpg 800w, https:\/\/www.topofilosofia.net\/cisonhos\/wp-content\/uploads\/2020\/09\/cons_Freud-360x180.jpg 360w, https:\/\/www.topofilosofia.net\/cisonhos\/wp-content\/uploads\/2020\/09\/cons_Freud-600x300.jpg 600w, https:\/\/www.topofilosofia.net\/cisonhos\/wp-content\/uploads\/2020\/09\/cons_Freud-1000x500.jpg 1000w\" sizes=\"auto, (max-width: 1140px) 100vw, 1140px\" \/><\/p>\n<\/div>\n<\/div>\n<\/div>\n<\/div>\n<div class=\"color2-background-color color-2-text-contrast bg-background-color tmpl-portfolio-2 boldgrid-section dynamic-gridblock\">\n<div class=\"container\">\n<div class=\"row\" style=\"padding: 20px 0;\">\n<div class=\"col-md-4 col-sm-12 col-xs-12 align-column-top\">\n<h2 class=\"\" style=\"margin: 0 0 25px;\">1. Fundamentos filos\u00f3ficos &amp; geom\u00e9tricos<\/h2>\n<p class=\"\"><strong>O curso ir\u00e1 realizar uma apresenta\u00e7\u00e3o do pensamento dos \u00abfil\u00f3sofos de Freud\u00bb, ou seja, daqueles pensadores que o influenciaram e que est\u00e3o presentes no seu pensamento na \u00e9poca em que concebeu \u00abA Interpreta\u00e7\u00e3o dos Sonhos\u00bb.<\/strong><\/p>\n<p class=\"\"><strong>Neste eixo, iremos nos centrar nos principais conceitos dos fil\u00f3sofos que Freud discute, adota e \u00e0s vezes discorda.<\/strong><\/p>\n<p class=\"\"><strong>Visitaremos pensadores como Arist\u00f3teles, Kant, Schopenhauer, Brentano, Fechner e outros.<\/strong><\/p>\n<\/div>\n<div class=\"col-md-6 col-sm-6 col-xs-12\">\n<p class=\"\" style=\"margin: 10px;\"><img loading=\"lazy\" decoding=\"async\" class=\"bg-img wp-image-181\" src=\"https:\/\/www.topofilosofia.net\/cisonhos\/wp-content\/uploads\/2020\/09\/ixlibrb-0.3.5q80fmjpgcropentropycstinysrgbw450h600fitcropsd390b49d0c50773d27fea3fec6571804.jpg\" width=\"450\" height=\"600\" srcset=\"https:\/\/www.topofilosofia.net\/cisonhos\/wp-content\/uploads\/2020\/09\/ixlibrb-0.3.5q80fmjpgcropentropycstinysrgbw450h600fitcropsd390b49d0c50773d27fea3fec6571804.jpg 450w, https:\/\/www.topofilosofia.net\/cisonhos\/wp-content\/uploads\/2020\/09\/ixlibrb-0.3.5q80fmjpgcropentropycstinysrgbw450h600fitcropsd390b49d0c50773d27fea3fec6571804-225x300.jpg 225w, https:\/\/www.topofilosofia.net\/cisonhos\/wp-content\/uploads\/2020\/09\/ixlibrb-0.3.5q80fmjpgcropentropycstinysrgbw450h600fitcropsd390b49d0c50773d27fea3fec6571804-250x333.jpg 250w, https:\/\/www.topofilosofia.net\/cisonhos\/wp-content\/uploads\/2020\/09\/ixlibrb-0.3.5q80fmjpgcropentropycstinysrgbw450h600fitcropsd390b49d0c50773d27fea3fec6571804-135x180.jpg 135w, https:\/\/www.topofilosofia.net\/cisonhos\/wp-content\/uploads\/2020\/09\/ixlibrb-0.3.5q80fmjpgcropentropycstinysrgbw450h600fitcropsd390b49d0c50773d27fea3fec6571804-375x500.jpg 375w\" sizes=\"auto, (max-width: 450px) 100vw, 450px\" \/><\/p>\n<\/div>\n<div class=\"col-md-2 col-sm-6 col-xs-12 align-column-bottom\">\n<p class=\"\"><strong>um donut \u00e9 um toro<\/strong><\/p>\n<\/div>\n<\/div>\n<\/div>\n<\/div>\n<div class=\"boldgrid-section\">\n<div class=\"container\">\n<div class=\"row\">\n<div class=\"col-md-12 col-xs-12 col-sm-12\">\n<p class=\"\">&nbsp;<\/p>\n<\/div>\n<\/div>\n<\/div>\n<\/div>\n<div class=\"tmpl-portfolio-2 boldgrid-section dynamic-gridblock color1-background-color color-1-text-contrast bg-background-color\">\n<div class=\"container\">\n<div class=\"row color1-background-color color-1-text-contrast bg-background-color\" style=\"padding: 20px 0;\">\n<div class=\"col-md-4 col-sm-12 col-xs-12 align-column-top\">\n<h2 class=\"\" style=\"margin: 0 0 25px;\">2. A ang\u00fastia da influ\u00eancia<\/h2>\n<p class=\"p1\"><b>Neste eixo, apresentaremos no\u00e7\u00f5es fundamentais dos principais artistas que marcaram o pensamento de Freud e atravessam sua \u00abInterpreta\u00e7\u00e3o dos Sonhos\u00bb.<\/b><\/p>\n<p class=\"\"><strong>Marcada pelas Obras de Shakespeare, Goethe e Schiller, a rela\u00e7\u00e3o entre a chamada \u00abci\u00eancia dos Sonhos\u00bb e a po\u00e9tica \u00e9 profunda.<\/strong><\/p>\n<p class=\"\"><strong>Mostraremos como o material po\u00e9tico das pe\u00e7as de Shakespeare \u00e9 situado dentro da cl\u00ednica, do sofrimento e da trag\u00e9dia humana por Freud.<\/strong><\/p>\n<p class=\"\"><strong>Abordaremos o&nbsp;estreito&nbsp;v\u00ednculo dos conceitos freudianos com os vocabul\u00e1rios po\u00e9tico-filos\u00f3ficos de Goethe e Schiller, bem como o lugar central que ambos ocupam no m\u00e9todo psicanal\u00edtico.<\/strong><\/p>\n<\/div>\n<div class=\"col-md-6 col-sm-6 col-xs-12\">\n<p class=\"\" style=\"margin: 10px;\"><img loading=\"lazy\" decoding=\"async\" class=\"bg-img alignnone wp-image-182 size-medium\" src=\"https:\/\/www.topofilosofia.net\/cisonhos\/wp-content\/uploads\/2020\/09\/90_0_450_600_Goethe.png\" alt=\"\" width=\"450\" height=\"600\"><\/p>\n<\/div>\n<div class=\"col-md-2 col-sm-6 col-xs-12 align-column-bottom\">\n<p class=\"\"><strong>Goethe em Haia<\/strong><\/p>\n<\/div>\n<\/div>\n<\/div>\n<\/div>\n<div class=\"boldgrid-section\">\n<div class=\"container\">\n<div class=\"row\">\n<div class=\"col-md-12 col-xs-12 col-sm-12\">\n<p class=\"\">&nbsp;<\/p>\n<\/div>\n<\/div>\n<\/div>\n<\/div>\n<div class=\"color2-background-color color-2-text-contrast bg-background-color tmpl-portfolio-2 boldgrid-section dynamic-gridblock\">\n<div class=\"container\">\n<div class=\"row\" style=\"padding: 20px 0;\">\n<div class=\"col-md-4 col-sm-12 col-xs-12 align-column-top\">\n<h2 class=\"\" style=\"margin: 0 0 25px;\">3. A organiza\u00e7\u00e3o dos conceitos<\/h2>\n<p class=\"\"><strong>Discutiremos o percurso da<\/strong><b> constru\u00e7\u00e3o dos conceitos basilares de \u00abA Interpreta\u00e7\u00e3o dos Sonhos\u00bb, abordando o di\u00e1logo desta Obra com os fundamentos do pensamento do Ocidente.<\/b><\/p>\n<p class=\"\"><strong>Tal abordagem proporcionar\u00e1 um mapa conceitual, l\u00f3gico e topol\u00f3gico da constru\u00e7\u00e3o freudiana de sua Obra Magna.<\/strong><\/p>\n<\/div>\n<div class=\"col-md-6 col-sm-6 col-xs-12\">\n<p class=\"\" style=\"margin: 10px;\"><img loading=\"lazy\" decoding=\"async\" class=\"bg-img alignnone wp-image-210 size-medium\" src=\"https:\/\/www.topofilosofia.net\/cisonhos\/wp-content\/uploads\/2020\/09\/63_0_375_500_esferas.jpg\" alt=\"\" width=\"375\" height=\"500\"><\/p>\n<\/div>\n<div class=\"col-md-2 col-sm-6 col-xs-12 align-column-bottom\">\n<p class=\"\" style=\"text-align: right;\"><strong>esferas n\u00e3o s\u00e3o toros<\/strong><\/p>\n<\/div>\n<\/div>\n<\/div>\n<\/div>\n<div class=\"boldgrid-section\">\n<div class=\"container\">\n<div class=\"row\">\n<div class=\"col-md-12 col-xs-12 col-sm-12\">\n<p class=\"\">&nbsp;<\/p>\n<\/div>\n<\/div>\n<\/div>\n<\/div>\n<div class=\"tmpl-portfolio-2 boldgrid-section dynamic-gridblock color1-background-color color-1-text-contrast bg-background-color\">\n<div class=\"container\">\n<div class=\"row color1-background-color color-1-text-contrast bg-background-color\" style=\"padding: 20px 0;\">\n<div class=\"col-md-4 col-sm-12 col-xs-12 align-column-top\">\n<h2 class=\"\" style=\"margin: 0 0 25px;\">4. A extensiva an\u00e1lise de Sonhos<\/h2>\n<p class=\"p1\"><b>Neste eixo, abordaremos as diversas an\u00e1lises de sonhos que Freud empreende na sua obra \u00abA Interpreta\u00e7\u00e3o dos Sonhos\u00bb.<\/b><\/p>\n<p class=\"p1\"><b>Discutiremos:<\/b><\/p>\n<p class=\"\"><strong>[a] a import\u00e2ncia da an\u00e1lise dos Sonhos para a compreens\u00e3o mais profunda da teoria psicanal\u00edtica.<\/strong><\/p>\n<p class=\"\">[<strong>b] o papel topol\u00f3gico dos Sonhos na psiqu\u00ea do Sujeito do Inconsciente em constante transforma\u00e7\u00e3o;<\/strong><\/p>\n<p class=\"\"><strong>[c] o lugar central da an\u00e1lise dos Sonhos na cl\u00ednica freudiana dentro de uma perspectiva cl\u00ednica.<\/strong><\/p>\n<\/div>\n<div class=\"col-md-6 col-sm-6 col-xs-12\">\n<p class=\"\" style=\"margin: 10px;\"><img loading=\"lazy\" decoding=\"async\" class=\"bg-img alignnone wp-image-185 \" src=\"https:\/\/www.topofilosofia.net\/cisonhos\/wp-content\/uploads\/2020\/09\/0_6_236_314_sonho.jpg\" alt=\"\" width=\"414\" height=\"551\"><\/p>\n<\/div>\n<div class=\"col-md-2 col-sm-6 col-xs-12 align-column-bottom\">\n<p class=\"\"><strong>um r\u00e9bus art\u00edstico<\/strong><\/p>\n<\/div>\n<\/div>\n<\/div>\n<\/div>\n","protected":false},"excerpt":{"rendered":"<p>os quatro eixos metodol\u00f3gicos Lu\u00eds Carlos Petry * 1. Fundamentos filos\u00f3ficos &amp; geom\u00e9tricos O curso ir\u00e1 realizar uma apresenta\u00e7\u00e3o do pensamento dos \u00abfil\u00f3sofos de Freud\u00bb, ou seja, daqueles pensadores que o influenciaram e que est\u00e3o presentes no seu pensamento na \u00e9poca em que concebeu \u00abA Interpreta\u00e7\u00e3o dos Sonhos\u00bb. Neste eixo, iremos nos centrar nos principais [&hellip;]<\/p>\n","protected":false},"author":1,"featured_media":0,"parent":0,"menu_order":0,"comment_status":"closed","ping_status":"closed","template":"","meta":{"bgseo_title":"","bgseo_description":"","bgseo_robots_index":"index","bgseo_robots_follow":"follow","footnotes":""},"class_list":["post-179","page","type-page","status-publish"],"_links":{"self":[{"href":"https:\/\/www.topofilosofia.net\/cisonhos\/wp-json\/wp\/v2\/pages\/179","targetHints":{"allow":["GET"]}}],"collection":[{"href":"https:\/\/www.topofilosofia.net\/cisonhos\/wp-json\/wp\/v2\/pages"}],"about":[{"href":"https:\/\/www.topofilosofia.net\/cisonhos\/wp-json\/wp\/v2\/types\/page"}],"author":[{"embeddable":true,"href":"https:\/\/www.topofilosofia.net\/cisonhos\/wp-json\/wp\/v2\/users\/1"}],"replies":[{"embeddable":true,"href":"https:\/\/www.topofilosofia.net\/cisonhos\/wp-json\/wp\/v2\/comments?post=179"}],"version-history":[{"count":7,"href":"https:\/\/www.topofilosofia.net\/cisonhos\/wp-json\/wp\/v2\/pages\/179\/revisions"}],"predecessor-version":[{"id":219,"href":"https:\/\/www.topofilosofia.net\/cisonhos\/wp-json\/wp\/v2\/pages\/179\/revisions\/219"}],"wp:attachment":[{"href":"https:\/\/www.topofilosofia.net\/cisonhos\/wp-json\/wp\/v2\/media?parent=179"}],"curies":[{"name":"wp","href":"https:\/\/api.w.org\/{rel}","templated":true}]}}