{"id":168,"date":"2020-09-17T12:23:58","date_gmt":"2020-09-17T15:23:58","guid":{"rendered":"https:\/\/www.topofilosofia.net\/cisonhos\/?page_id=168"},"modified":"2020-09-19T17:31:17","modified_gmt":"2020-09-19T20:31:17","slug":"inscricao","status":"publish","type":"page","link":"https:\/\/www.topofilosofia.net\/cisonhos\/inscricao\/","title":{"rendered":"inscri\u00e7\u00e3o"},"content":{"rendered":"<div style=\"margin-top: 50px;\" class=\"color1-background-color color-1-text-contrast bg-background-color tmpl-text-10 boldgrid-section dynamic-gridblock\">\n<div class=\"container-fluid\">\n<div class=\"row color2-background-color color-2-text-contrast bg-background-color\" style=\"padding-top: 0px; margin-top: -50px;\">\n<div class=\"col-md-3 col-sm-3 col-xs-12 color-1-text-contrast color2-background-color\">\n<p>&nbsp;<\/p>\n<\/div>\n<div class=\"col-md-5 col-sm-6 col-xs-12 text-center bg-background-color color-1-text-contrast color1-background-color\" style=\"box-shadow: #cecece 0px 0px 0px 0px;\">\n<div class=\"bg-box-cover color1-background-color color-3-text-contrast bg-background-color bg-box\" style=\"margin-left: -35px; margin-top: -35px; padding: 3em; box-shadow: 1px 4px 5px 0px rgba(0, 0, 0, 0.75); z-index: 1; position: relative;\">\n<h1 class=\"color-1-text-contrast color1-background-color\" style=\"text-transform: none; margin-top: 10px; margin-bottom: 10px; font-weight: 600; font-size: 51px;\" data-font-weight=\"600\">inscri\u00e7\u00e3o<\/h1>\n<div class=\"bg-hr-7 color4-color bg-hr\" style=\"width: 80%;\"><\/div>\n<\/div>\n<\/div>\n<div class=\"col-md-4 col-sm-3 col-xs-12\"><\/div>\n<\/div>\n<div class=\"row color2-background-color color-2-text-contrast bg-background-color\" style=\"padding-top: 0px;\">\n<div class=\"col-md-12 col-xs-12 col-sm-12\">\n<p class=\"mod-reset\"><img loading=\"lazy\" decoding=\"async\" class=\"bg-img alignnone wp-image-94 size-full\" style=\"box-shadow: 1px 4px 5px 0px rgba(0,0,0,0.75);\" src=\"https:\/\/www.topofilosofia.net\/pesquisa\/psicanalise\/clinicafreudiana_01\/wp-content\/uploads\/2020\/05\/rodape_01.jpg\" alt=\"\" width=\"1500\" height=\"200\"><\/p>\n<\/div>\n<\/div>\n<div class=\"row\" style=\"margin-top: -15px; margin-bottom: -15px;\"><\/div>\n<\/div>\n<\/div>\n<div class=\"tmpl-services-15 boldgrid-section dynamic-gridblock background-parallax\" style=\"background-position: 50% 50%; background-size: cover; background-image: url('https:\/\/www.topofilosofia.net\/cisonhos\/wp-content\/uploads\/2020\/09\/ixlibrb-0.3.5q80fmjpgcropentropycstinysrgbw1600h900fitcrops01a2542387cf7359ee2ac8ce8b70bff8.jpg');\" data-image-url=\"https:\/\/www.topofilosofia.net\/cisonhos\/wp-content\/uploads\/2020\/09\/ixlibrb-0.3.5q80fmjpgcropentropycstinysrgbw1600h900fitcrops01a2542387cf7359ee2ac8ce8b70bff8.jpg\">\n<div class=\"container-fluid\">\n<div class=\"row color1-background-color color-1-text-contrast bg-background-color\" style=\"padding-top: 75px; padding-bottom: 75px; background-image: url('https:\/\/www.topofilosofia.net\/cisonhos\/wp-content\/uploads\/2020\/09\/livros_03.jpeg'); background-size: cover; background-position: 50% 50%;\" data-image-url=\"https:\/\/www.topofilosofia.net\/cisonhos\/wp-content\/uploads\/2020\/09\/livros_03.jpeg\">\n<div class=\"col-md-1 col-sm-1 col-xs-12\"><\/div>\n<div class=\"col-md-4 col-sm-6 col-xs-12 wow rotateInUpLeft color2-background-color color-2-text-contrast bg-background-color color5-border-color\" data-wow-duration=\"1s\" data-wow-delay=\"0.5s\" style=\"border: 5px solid; padding: 2em;\">\n<div class=\"row\">\n<div class=\"col-md-12 col-sm-12 col-xs-12 color5-border-color\" style=\"border-bottom: 2px solid; padding-bottom: 35px;\">\n<div>\n<h3 style=\"margin-top: 0; text-transform: uppercase;\">informa\u00e7\u00f5es:<\/h3>\n<p class=\"\"><strong>Ao clicar no bot\u00e3o voc\u00ea ser\u00e1 encaminhado para o formul\u00e1rio de inscri\u00e7\u00e3o e dever\u00e1 realizar o seu preenchimento com todos os dados solicitados. Ap\u00f3s o seu envio, a coordena\u00e7\u00e3o do curso entrar\u00e1 em contato pelo seu WhatsApp para fornecer &nbsp;todas as informa\u00e7\u00f5es e op\u00e7\u00f5es com o link de pagamento da inscri\u00e7\u00e3o.<\/strong><\/p>\n<\/div>\n<\/div>\n<\/div>\n<div class=\"row\">\n<div class=\"col-md-12 col-sm-12 col-xs-12 color5-border-color\" style=\"border-bottom: 2px solid; padding-bottom: 35px;\">\n<div>\n<h3 style=\"margin-top: 0; text-transform: uppercase;\">INVESTIMENTO:<\/h3>\n<p class=\"\"><strong>O valor da inscri\u00e7\u00e3o \u00e9 R$ 346,00. Para se inscrever, clique no bot\u00e3o abaixo:<\/strong><\/p>\n<p class=\"\" style=\"margin-top: 20px; text-align: right;\"><a class=\"btn-color-5 btn btn-small-caps btn-rounded btn-raised btn-regular\" href=\"http:\/\/www.123formbuilder.com\/form-5582727\/form\">CLIQUE AQUI PARA SE INSCREVER<\/a><\/p>\n<\/div>\n<\/div>\n<\/div>\n<div class=\"row\">\n<div class=\"col-md-12 col-sm-12 col-xs-12 color5-border-color\" style=\"border-bottom: 2px solid; padding-bottom: 35px;\">\n<div>\n<h3 style=\"text-transform: uppercase;\">ESTUDANTEs<\/h3>\n<p class=\"\"><strong>A TOPOS apoia os estudantes de gradua\u00e7\u00e3o em sua forma\u00e7\u00e3o. O valor para estudante \u00e9 R$ 265,00.<\/strong><\/p>\n<p class=\"\" style=\"margin-top: 20px; text-align: right;\"><a class=\"btn-color-5 btn btn-small-caps btn-rounded btn-raised btn-regular\" href=\"http:\/\/www.123formbuilder.com\/form-5582727\/form\">CLIQUE AQUI PARA SE INSCREVER<\/a><\/p>\n<\/div>\n<\/div>\n<\/div>\n<div class=\"row\">\n<div class=\"col-md-12 col-sm-12 col-xs-12\">\n<div>\n<h3 style=\"text-transform: uppercase;\">AULAS PELO MEETING ZOOM:<\/h3>\n<p class=\"\"><strong>O Curso possui seis aulas complementares de di\u00e1logo com o professor que s\u00e3o realizadas pela plataforma Zoom.<\/strong><\/p>\n<p class=\"\"><strong>O investimento delas \u00e9 R$: 180,00.<\/strong><\/p>\n<\/div>\n<\/div>\n<\/div>\n<\/div>\n<div class=\"col-md-7 col-sm-5 col-xs-12\"><\/div>\n<\/div>\n<div class=\"row color2-background-color color-2-text-contrast bg-background-color\" style=\"padding-top: 20px; padding-bottom: 20px;\">\n<div class=\"col-md-3 col-sm-4 col-xs-12\"><\/div>\n<div class=\"col-md-9 col-sm-8 col-xs-12 align-column-center color5-border-color\" style=\"padding: 1em 2em; border-left: 5px solid;\">\n<h2 class=\"\" style=\"margin-top: 0;\">Conhe\u00e7a nosso Curso <a href=\"https:\/\/topofilosofia.net\/cfreud\/\">O nascimento da cl\u00ednica freudiana<\/a><\/h2>\n<p class=\"\">&nbsp;<\/p>\n<\/div>\n<\/div>\n<\/div>\n<\/div>\n","protected":false},"excerpt":{"rendered":"<p>&nbsp; inscri\u00e7\u00e3o informa\u00e7\u00f5es: Ao clicar no bot\u00e3o voc\u00ea ser\u00e1 encaminhado para o formul\u00e1rio de inscri\u00e7\u00e3o e dever\u00e1 realizar o seu preenchimento com todos os dados solicitados. Ap\u00f3s o seu envio, a coordena\u00e7\u00e3o do curso entrar\u00e1 em contato pelo seu WhatsApp para fornecer &nbsp;todas as informa\u00e7\u00f5es e op\u00e7\u00f5es com o link de pagamento da inscri\u00e7\u00e3o. INVESTIMENTO: [&hellip;]<\/p>\n","protected":false},"author":1,"featured_media":0,"parent":0,"menu_order":0,"comment_status":"closed","ping_status":"closed","template":"","meta":{"bgseo_title":"","bgseo_description":"","bgseo_robots_index":"index","bgseo_robots_follow":"follow","footnotes":""},"class_list":["post-168","page","type-page","status-publish"],"_links":{"self":[{"href":"https:\/\/www.topofilosofia.net\/cisonhos\/wp-json\/wp\/v2\/pages\/168","targetHints":{"allow":["GET"]}}],"collection":[{"href":"https:\/\/www.topofilosofia.net\/cisonhos\/wp-json\/wp\/v2\/pages"}],"about":[{"href":"https:\/\/www.topofilosofia.net\/cisonhos\/wp-json\/wp\/v2\/types\/page"}],"author":[{"embeddable":true,"href":"https:\/\/www.topofilosofia.net\/cisonhos\/wp-json\/wp\/v2\/users\/1"}],"replies":[{"embeddable":true,"href":"https:\/\/www.topofilosofia.net\/cisonhos\/wp-json\/wp\/v2\/comments?post=168"}],"version-history":[{"count":8,"href":"https:\/\/www.topofilosofia.net\/cisonhos\/wp-json\/wp\/v2\/pages\/168\/revisions"}],"predecessor-version":[{"id":247,"href":"https:\/\/www.topofilosofia.net\/cisonhos\/wp-json\/wp\/v2\/pages\/168\/revisions\/247"}],"wp:attachment":[{"href":"https:\/\/www.topofilosofia.net\/cisonhos\/wp-json\/wp\/v2\/media?parent=168"}],"curies":[{"name":"wp","href":"https:\/\/api.w.org\/{rel}","templated":true}]}}