{"id":128,"date":"2020-09-17T11:40:09","date_gmt":"2020-09-17T14:40:09","guid":{"rendered":"https:\/\/www.topofilosofia.net\/cisonhos\/?page_id=128"},"modified":"2020-09-19T15:32:41","modified_gmt":"2020-09-19T18:32:41","slug":"sobre-nos","status":"publish","type":"page","link":"https:\/\/www.topofilosofia.net\/cisonhos\/sobre-nos\/","title":{"rendered":"sobre n\u00f3s"},"content":{"rendered":"<div class=\"color5-background-color color-5-text-contrast bg-background-color tmpl-testimonial-7 boldgrid-section dynamic-gridblock\">\n<div class=\"container-fluid\">\n<div class=\"row\" style=\"padding-top: 75px; padding-bottom: 75px;\">\n<div class=\"col-md-3 col-sm-3 col-xs-12\"><\/div>\n<div class=\"col-md-6 col-sm-6 col-xs-12 text-center\">\n<p class=\"\"><i class=\"fa fa-quote-left color1-color\" style=\"font-size: 60px;\" aria-hidden=\"true\"><span style=\"display: none;\">&nbsp;<\/span><\/i><\/p>\n<p class=\"h2\" style=\"font-style: normal; font-weight: 600;\" data-font-style=\"normal\" data-font-weight=\"600\">Depois de completado o trabalho de interpreta\u00e7\u00e3o,<br \/>\no sonho se revela como uma realiza\u00e7\u00e3o de desejo.<\/p>\n<h4 class=\"color1-color\">Sigmund Freud<\/h4>\n<\/div>\n<div class=\"col-md-3 col-sm-3 col-xs-12\"><\/div>\n<\/div>\n<\/div>\n<\/div>\n<div class=\"color5-background-color color-5-text-contrast bg-background-color tmpl-testimonial-14 boldgrid-section dynamic-gridblock\">\n<div class=\"container\">\n<div class=\"row\" style=\"padding-top: 50px; padding-bottom: 50px;\">\n<div class=\"col-md-12 col-sm-12 col-xs-12\">\n<div class=\"boldgrid-wrap-row boldgrid-slider\" data-config=\"{&quot;arrows&quot;:false,&quot;autoplay&quot;:true,&quot;autoplaySpeed&quot;:&quot;8&quot;,&quot;dots&quot;:true,&quot;infinite&quot;:true,&quot;bgOptions&quot;:{&quot;arrowsPos&quot;:&quot;standard&quot;,&quot;arrowsOverlay&quot;:true,&quot;arrowsBgColor&quot;:&quot;1&quot;,&quot;arrowsIcon&quot;:&quot;angle&quot;,&quot;arrowsSize&quot;:&quot;30&quot;,&quot;dotsPos&quot;:&quot;bottom&quot;,&quot;dotsOverlay&quot;:false,&quot;dotsColor&quot;:&quot;1&quot;,&quot;dotsSize&quot;:&quot;50&quot;},&quot;colors&quot;:{&quot;arrowsBG&quot;:{&quot;type&quot;:&quot;class&quot;,&quot;value&quot;:&quot;1&quot;,&quot;text&quot;:&quot;&quot;},&quot;dotsColor&quot;:{&quot;type&quot;:&quot;class&quot;,&quot;value&quot;:&quot;1&quot;,&quot;text&quot;:&quot;&quot;}}}\">\n<div class=\"row\" style=\"width: 100%; display: inline-block;\">\n<div class=\"col-md-4 col-xs-12 col-sm-4\">\n<div>\n<p class=\"\"><img loading=\"lazy\" decoding=\"async\" class=\"bg-img bg-img-3 alignnone wp-image-132 size-medium\" src=\"https:\/\/www.topofilosofia.net\/cisonhos\/wp-content\/uploads\/2020\/09\/171_0_360_360_Petry_01-1024x683.jpg\" alt=\"\" width=\"360\" height=\"360\" srcset=\"https:\/\/www.topofilosofia.net\/cisonhos\/wp-content\/uploads\/2020\/09\/171_0_360_360_Petry_01-1024x683.jpg 360w, https:\/\/www.topofilosofia.net\/cisonhos\/wp-content\/uploads\/2020\/09\/Petry_01-150x150.jpg 150w, https:\/\/www.topofilosofia.net\/cisonhos\/wp-content\/uploads\/2020\/09\/Petry_01-48x48.jpg 48w, https:\/\/www.topofilosofia.net\/cisonhos\/wp-content\/uploads\/2020\/09\/Petry_01-300x300.jpg 300w\" sizes=\"auto, (max-width: 360px) 100vw, 360px\" \/><\/p>\n<\/div>\n<\/div>\n<div class=\"col-md-1 col-sm-1 col-xs-12\"><\/div>\n<div class=\"col-md-7 col-sm-7 col-xs-12\">\n<div>\n<p class=\"\" style=\"font-size: 1.2em;\">&nbsp;<\/p>\n<p class=\"\"><b>O professor do curso: Lu\u00eds Carlos Petry, psicanalista, top\u00f3logo e fil\u00f3sofo. Professor na Pontif\u00edcia Universidade Cat\u00f3lica de S\u00e3o Paulo (2000-2019). Professor, pesquisador e orientador no Programa de P\u00f3s-Gradua\u00e7\u00e3o em Tecnologias da Intelig\u00eancia e Design Digital da PUC-SP (2008-2019). <\/b><b>Professor no curso de Filosofia da UNISINOS (1987-1997). <\/b><b>Doutor em Semi\u00f3tica pela PUC-SP (2003). <\/b><b>Bacharel em Psicologia pela UNISINOS (1986). <\/b><b>Forma\u00e7\u00e3o em psican\u00e1lise no CEF (Centro de Estudos Freudianos de POA: 1982-1989). <\/b><b>Acompanhamento como professor assistente do top\u00f3logo Carlos Ruiz (1984-1987). <\/b><strong>Realizou sua forma\u00e7\u00e3o em filosofia com Ernildo Stein (UFRGS), entre 1989 e 1995, cuidando da publica\u00e7\u00e3o de v\u00e1rios de seus livros. <\/strong><b>De 2000-2016, foi professor conferencista em diversas universidades de Portugal, dentre elas, a Universidade de Lisboa, a Universidade do Porto e a Universidade Fernando Pessoa. <\/b><strong>\u00c9<\/strong>&nbsp;<b>analista membro do Corpo Freudiano de S\u00e3o Paulo, no qual desenvolve Semin\u00e1rios de topologia, l\u00f3gica &amp; psican\u00e1lise. <\/b><b>Atualmente desenvolve o curso extensivo em Topologia Psicanal\u00edtica, com turmas em Caxias do Sul e Porto Alegre (RS), al\u00e9m de se dedicar \u00e0 cl\u00ednica psicanal\u00edtica e \u00e0s supervis\u00f5es de casos cl\u00ednicos. <\/b><b>Possui um Canal de topologia psicanal\u00edtica 3D no&nbsp;<\/b><b>YouTube<\/b><b>:&nbsp;<\/b><u><b><a tabindex=\"-1\" href=\"https:\/\/bit.ly\/2YHinOa\">https:\/\/bit.ly\/2YHinOa<\/a><\/b><\/u><\/p>\n<p class=\"color1-color\" style=\"text-align: right;\">&nbsp;<\/p>\n<\/div>\n<\/div>\n<\/div>\n<div class=\"row\" style=\"width: 100%; display: inline-block;\">\n<div class=\"col-md-4 col-xs-12 col-sm-4\">\n<div>\n<p class=\"\"><img loading=\"lazy\" decoding=\"async\" class=\"bg-img bg-img-3 alignnone wp-image-190 \" src=\"https:\/\/www.topofilosofia.net\/cisonhos\/wp-content\/uploads\/2020\/09\/0_31_200_200_Isabel_2-768x943.jpeg\" alt=\"\" width=\"369\" height=\"369\" srcset=\"https:\/\/www.topofilosofia.net\/cisonhos\/wp-content\/uploads\/2020\/09\/0_31_200_200_Isabel_2-768x943.jpeg 200w, https:\/\/www.topofilosofia.net\/cisonhos\/wp-content\/uploads\/2020\/09\/Isabel_2-150x150.jpeg 150w, https:\/\/www.topofilosofia.net\/cisonhos\/wp-content\/uploads\/2020\/09\/Isabel_2-48x48.jpeg 48w, https:\/\/www.topofilosofia.net\/cisonhos\/wp-content\/uploads\/2020\/09\/Isabel_2-300x300.jpeg 300w\" sizes=\"auto, (max-width: 369px) 100vw, 369px\" \/><\/p>\n<\/div>\n<\/div>\n<div class=\"col-md-1 col-sm-1 col-xs-12\"><\/div>\n<div class=\"col-md-7 col-sm-7 col-xs-12\">\n<div>\n<p class=\"\" style=\"font-size: 1.2em;\">Isabel Massena Bissi, \u00e9 psic\u00f3loga e psicanalista. Coordena os Cursos da TOPOS Publica\u00e7\u00f5es e realiza a coordena\u00e7\u00e3o com os alunos.&nbsp;<\/p>\n<p class=\"color1-color\" style=\"text-align: right;\">&nbsp;<\/p>\n<\/div>\n<\/div>\n<\/div>\n<div class=\"row\" style=\"width: 100%; display: inline-block;\">\n<div class=\"col-md-4 col-xs-12 col-sm-4\">\n<div>\n<p class=\"\"><img loading=\"lazy\" decoding=\"async\" class=\"bg-img bg-img-3 alignnone wp-image-134 size-medium\" src=\"https:\/\/www.topofilosofia.net\/cisonhos\/wp-content\/uploads\/2020\/09\/50_0_360_360_Malu.png\" alt=\"\" width=\"360\" height=\"360\" srcset=\"https:\/\/www.topofilosofia.net\/cisonhos\/wp-content\/uploads\/2020\/09\/50_0_360_360_Malu.png 360w, https:\/\/www.topofilosofia.net\/cisonhos\/wp-content\/uploads\/2020\/09\/Malu-150x150.png 150w, https:\/\/www.topofilosofia.net\/cisonhos\/wp-content\/uploads\/2020\/09\/Malu-48x48.png 48w, https:\/\/www.topofilosofia.net\/cisonhos\/wp-content\/uploads\/2020\/09\/Malu-300x300.png 300w\" sizes=\"auto, (max-width: 360px) 100vw, 360px\" \/><\/p>\n<\/div>\n<\/div>\n<div class=\"col-md-1 col-sm-1 col-xs-12\"><\/div>\n<div class=\"col-md-7 col-sm-7 col-xs-12\">\n<div>\n<p class=\"\" style=\"font-size: 1.2em;\">Maria de Lurdes Peres, \u00e9 psic\u00f3loga e psicanalista. Respons\u00e1vel pela gest\u00e3o do Curso.<\/p>\n<p class=\"color1-color\" style=\"text-align: right;\">&nbsp;<\/p>\n<\/div>\n<\/div>\n<\/div>\n<div class=\"row\" style=\"width: 100%; display: inline-block;\">\n<div class=\"col-md-4 col-xs-12 col-sm-4\">\n<div>\n<p class=\"\"><img loading=\"lazy\" decoding=\"async\" class=\"bg-img bg-img-3 alignnone wp-image-135 size-medium\" src=\"https:\/\/www.topofilosofia.net\/cisonhos\/wp-content\/uploads\/2020\/09\/isadora-300x300.png\" alt=\"\" width=\"300\" height=\"300\" srcset=\"https:\/\/www.topofilosofia.net\/cisonhos\/wp-content\/uploads\/2020\/09\/isadora-300x300.png 300w, https:\/\/www.topofilosofia.net\/cisonhos\/wp-content\/uploads\/2020\/09\/isadora-150x150.png 150w, https:\/\/www.topofilosofia.net\/cisonhos\/wp-content\/uploads\/2020\/09\/isadora-48x48.png 48w, https:\/\/www.topofilosofia.net\/cisonhos\/wp-content\/uploads\/2020\/09\/isadora-250x250.png 250w, https:\/\/www.topofilosofia.net\/cisonhos\/wp-content\/uploads\/2020\/09\/isadora-550x550.png 550w, https:\/\/www.topofilosofia.net\/cisonhos\/wp-content\/uploads\/2020\/09\/isadora-180x180.png 180w, https:\/\/www.topofilosofia.net\/cisonhos\/wp-content\/uploads\/2020\/09\/isadora-500x500.png 500w, https:\/\/www.topofilosofia.net\/cisonhos\/wp-content\/uploads\/2020\/09\/isadora.png 640w\" sizes=\"auto, (max-width: 300px) 100vw, 300px\" \/><\/p>\n<\/div>\n<\/div>\n<div class=\"col-md-1 col-sm-1 col-xs-12\"><\/div>\n<div class=\"col-md-7 col-sm-7 col-xs-12\">\n<div>\n<p class=\"\" style=\"font-size: 1.2em;\">Isadora Petry, \u00e9 mestre em Filosofia pela PUC-SP, faz doutorado pela UNICAMP e \u00e9 tradutora. Nos \u00faltimos anos, tem se dedicado \u00e0 filosofia alem\u00e3 de Friedrich Nietzsche e suas rela\u00e7\u00f5es com a literatura francesa do s\u00e9culo XIX. \u00c9 respons\u00e1vel pela revis\u00e3o dos textos do Curso.<\/p>\n<p class=\"color1-color\" style=\"text-align: right;\">&nbsp;<\/p>\n<\/div>\n<\/div>\n<\/div>\n<\/div>\n<\/div>\n<\/div>\n<\/div>\n<\/div>\n<div class=\"boldgrid-section\">\n<div class=\"container\">\n<div class=\"row\">\n<div class=\"col-md-12 col-xs-12 col-sm-12\">\n<p class=\"mod-divider\"><a href=\"#\">organiza\u00e7\u00e3o &amp; apoio<\/a><\/p>\n<\/div>\n<\/div>\n<\/div>\n<\/div>\n<div class=\"color5-background-color color-5-text-contrast bg-background-color tmpl-text-6 boldgrid-section dynamic-gridblock\">\n<div class=\"container\">\n<div class=\"row\" style=\"padding-top: 50px; padding-bottom: 25px;\">\n<div class=\"col-md-4 col-sm-6 col-xs-12 align-column-center\">\n<blockquote class=\"color2-color bg-blockquote\"><p>O curso \u00e9 uma <strong>organiza\u00e7\u00e3o<\/strong> da <strong>TOPOS<\/strong> &#8211; Caxias do Sul-RS<\/p><\/blockquote>\n<\/div>\n<div class=\"col-md-8 col-sm-6 col-xs-12 text-center\">\n<p class=\"mod-reset\"><img loading=\"lazy\" decoding=\"async\" class=\"bg-img alignnone wp-image-124 size-full\" src=\"https:\/\/topofilosofia.net\/cfreud\/wp-content\/uploads\/2020\/04\/fachadaTOPOS_mini.png\" alt=\"\" width=\"800\" height=\"193\"><\/p>\n<p class=\"p1\" style=\"text-align: left;\">A <b>TOPOS<\/b> &#8211; Cl\u00ednica de Psican\u00e1lise e Psiquiatria localiza-se na rua Pinheiro Machado, n\u00ba 2569, sala 81, no centro de Caxias do Sul &#8211; RS. \u00c9 uma sociedade civil, sem fins lucrativos, apartid\u00e1ria, independente, fundada em setembro de 1989 e consolidada em outubro de 2002. A TOPOS tem como objetivo a promo\u00e7\u00e3o da Sa\u00fade atrav\u00e9s de acolhimentos e\/ou tratamentos cl\u00ednicos aos pacientes em sofrimento ps\u00edquico que, por dificuldades subjetivas ou econ\u00f4micas, n\u00e3o t\u00eam acesso aos consult\u00f3rios particulares. O tratamento \u00e9 referendado na escuta psicanal\u00edtica, acolhendo o sujeito num espa\u00e7o muito singular em seu estilo e tempo subjetivo.<\/p>\n<\/div>\n<\/div>\n<div class=\"row\" style=\"padding-bottom: 30px;\">\n<div class=\"col-md-12 col-sm-12 col-xs-12\"><\/div>\n<\/div>\n<div class=\"row\" style=\"padding-bottom: 50px;\">\n<div class=\"col-md-3 col-sm-12 col-xs-12\"><\/div>\n<div class=\"col-md-3 col-sm-5 col-xs-12\">\n<p class=\"text-center\"><img loading=\"lazy\" decoding=\"async\" class=\"bg-img alignnone wp-image-120 size-full\" src=\"https:\/\/topofilosofia.net\/cfreud\/wp-content\/uploads\/2020\/04\/corpo_logo.png\" alt=\"\" width=\"164\" height=\"164\"><\/p>\n<div class=\"row bg-editor-hr-wrap\">\n<div class=\"col-md-12 col-xs-12 col-sm-12\">\n<hr class=\"bg-hr\">\n<\/div>\n<\/div>\n<\/div>\n<div class=\"col-md-5 col-sm-7 col-xs-12\">\n<h2 class=\"color1-color\">apoio: corpo freudiano de S\u00e3o Paulo<\/h2>\n<p class=\"\">O curso tem o apoio do Corpo Freudiano de S\u00e3o Paulo, institui\u00e7\u00e3o de forma\u00e7\u00e3o e pesquisa em psican\u00e1lise.<\/p>\n<p class=\"\"><a class=\"btn-color-2 btn btn-regular\" href=\"https:\/\/www.facebook.com\/corpofreudianosaopaulo\/\">saiba Mais sobre o corpo Freudiano<\/a><\/p>\n<\/div>\n<\/div>\n<\/div>\n<\/div>\n<div class=\"boldgrid-section\">\n<div class=\"container\">\n<div class=\"row\">\n<div class=\"col-md-12 col-xs-12 col-sm-12\">\n<p class=\"mod-divider\"><a href=\"#\">depoimentos<\/a><\/p>\n<\/div>\n<\/div>\n<\/div>\n<\/div>\n<div class=\"tmpl-team-6 boldgrid-section dynamic-gridblock\">\n<div class=\"container\">\n<div class=\"row\" style=\"padding-top: 30px; padding-bottom: 50px;\">\n<div class=\"col-md-3 col-sm-6 col-xs-12\">\n<p class=\"\" style=\"margin-top: 20px; z-index: 0;\"><img loading=\"lazy\" decoding=\"async\" class=\"bg-img alignnone wp-image-185 size-full\" src=\"https:\/\/topofilosofia.net\/cfreud\/wp-content\/uploads\/2020\/04\/Ernildo.jpg\" alt=\"\" width=\"200\" height=\"200\"><\/p>\n<p class=\"color-neutral-background-color color-neutral-text-contrast bg-background-color\" style=\"z-index: 1; position: relative; text-align: center; padding: 0.5em; margin-top: -20px; margin-left: 20px; margin-right: 100px;\">Ernildo<br \/>\nStein<\/p>\n<p class=\"color-neutral-background-color color-neutral-text-contrast bg-background-color\" style=\"padding: 0em 1em 1em; margin-top: 20px; margin-left: 30px;\">Petry possui um trabalho de pesquisa e ensino na psican\u00e1lise, envolvendo topologia e filosofia que \u00e9 inovador e revolucion\u00e1rio. Durante anos acompanhei o seu desenvolvimento com muita alegria e satisfa\u00e7\u00e3o.<\/p>\n<p class=\"color-neutral-background-color color-neutral-text-contrast bg-background-color\" style=\"padding: 0.8em; margin-top: 20px; margin-left: 30px;\">Fil\u00f3sofo (UFRGS)<\/p>\n<\/div>\n<div class=\"col-md-3 col-sm-6 col-xs-12\">\n<p class=\"\" style=\"padding-top: 20px; z-index: 0;\"><img loading=\"lazy\" decoding=\"async\" class=\"bg-img alignnone wp-image-184 size-full\" src=\"https:\/\/topofilosofia.net\/cfreud\/wp-content\/uploads\/2020\/04\/Mario-Pereira.jpg\" alt=\"\" width=\"200\" height=\"200\"><\/p>\n<p class=\"color-neutral-background-color color-neutral-text-contrast bg-background-color\" style=\"z-index: 1; position: relative; text-align: center; padding: 0em; margin-top: -20px; margin-left: 20px; margin-right: 100px;\">M\u00e1rio Eduardo<br \/>\nPereira<\/p>\n<p class=\"color-neutral-background-color color-neutral-text-contrast bg-background-color\" style=\"padding: 1em; margin-top: 20px; margin-left: 30px;\">Luis Carlos Petry \u00e9, provavelmente, o mais brilhante pesquisador brasileiro em topologia psicanal\u00edtica. Estudar Freud sob sua orienta\u00e7\u00e3o \u00e9 aliar profundidade, rigor, originalidade e di\u00e1logo enriquecedor com a filosofia, com as matem\u00e1ticas e a epistemologia.<\/p>\n<p class=\"color-neutral-background-color color-neutral-text-contrast bg-background-color\" style=\"padding: 0em 0em 1em 1.1em; margin-top: 20px; margin-left: 30px;\">Psiquiatra e Psicanalista (UNICAMP)<\/p>\n<\/div>\n<div class=\"col-md-3 col-sm-6 col-xs-12\">\n<p class=\"\" style=\"padding-top: 20px; z-index: 0;\"><img loading=\"lazy\" decoding=\"async\" class=\"bg-img alignnone wp-image-186 size-full\" src=\"https:\/\/topofilosofia.net\/cfreud\/wp-content\/uploads\/2020\/04\/caon.jpg\" alt=\"\" width=\"200\" height=\"200\"><\/p>\n<p class=\"color-neutral-background-color color-neutral-text-contrast bg-background-color\" style=\"z-index: 1; position: relative; text-align: center; padding: 0.5em; margin-top: -20px; margin-left: 20px; margin-right: 100px;\">Jos\u00e9 Luiz<br \/>\nCaon<\/p>\n<p class=\"color-neutral-background-color color-neutral-text-contrast bg-background-color\" style=\"padding: 0em 1em 1em; margin-top: 20px; margin-left: 30px;\">O Prof. Petry&nbsp; apalpa nossa alma com palavras, topologia e imagens. \u00c9 de nosso time onde ficamos sabendo que o aprender n\u00e3o precisa de recompensa, j\u00e1 que o aprender \u00e9 a recompensa em si mesmo.<\/p>\n<p class=\"color-neutral-background-color color-neutral-text-contrast bg-background-color\" style=\"padding: 0em 1em 1em; margin-top: 20px; margin-left: 30px;\">Psicanalista (UFRGS)<\/p>\n<\/div>\n<div class=\"col-md-3 col-sm-6 col-xs-12\">\n<p class=\"\" style=\"padding-top: 20px; z-index: 0;\"><img loading=\"lazy\" decoding=\"async\" class=\"bg-img alignnone wp-image-187 size-full\" src=\"https:\/\/topofilosofia.net\/cfreud\/wp-content\/uploads\/2020\/04\/isabel.jpg\" alt=\"\" width=\"200\" height=\"200\"><\/p>\n<p class=\"color-neutral-background-color color-neutral-text-contrast bg-background-color\" style=\"z-index: 1; position: relative; text-align: center; padding: 0.5em; margin-top: -20px; margin-left: 20px; margin-right: 100px;\">Isabel<br \/>\nBissi<\/p>\n<p class=\"color-neutral-background-color color-neutral-text-contrast bg-background-color\" style=\"padding: 0em 0em 1em 0.4em; margin-top: 20px; margin-left: 30px;\">A entrada do professor Petry inaugurou um novo estilo no ensino da topologia e da psican\u00e1lise na TOPOS. Seu estilo \u00e9 cuidadoso, inquietante, muito bem alicer\u00e7ado e envolto numa did\u00e1tica vibrante, tornando os estudos um aliado de grande efici\u00eancia ao trabalho cotidiano do psicanalista.&nbsp;<\/p>\n<p class=\"color-neutral-background-color color-neutral-text-contrast bg-background-color\" style=\"padding: 0em 1em 1em; margin-top: 20px; margin-left: 30px;\">Psicanalista (TOPOS)<\/p>\n<\/div>\n<\/div>\n<\/div>\n<\/div>\n<div class=\"boldgrid-section\">\n<div class=\"container\">\n<div class=\"row\">\n<div class=\"col-md-12 col-xs-12 col-sm-12\"><\/div>\n<\/div>\n<\/div>\n<\/div>\n","protected":false},"excerpt":{"rendered":"<p>&nbsp; Depois de completado o trabalho de interpreta\u00e7\u00e3o, o sonho se revela como uma realiza\u00e7\u00e3o de desejo. Sigmund Freud &nbsp; O professor do curso: Lu\u00eds Carlos Petry, psicanalista, top\u00f3logo e fil\u00f3sofo. Professor na Pontif\u00edcia Universidade Cat\u00f3lica de S\u00e3o Paulo (2000-2019). Professor, pesquisador e orientador no Programa de P\u00f3s-Gradua\u00e7\u00e3o em Tecnologias da Intelig\u00eancia e Design Digital [&hellip;]<\/p>\n","protected":false},"author":1,"featured_media":0,"parent":0,"menu_order":0,"comment_status":"closed","ping_status":"closed","template":"","meta":{"bgseo_title":"","bgseo_description":"","bgseo_robots_index":"index","bgseo_robots_follow":"follow","footnotes":""},"class_list":["post-128","page","type-page","status-publish"],"_links":{"self":[{"href":"https:\/\/www.topofilosofia.net\/cisonhos\/wp-json\/wp\/v2\/pages\/128","targetHints":{"allow":["GET"]}}],"collection":[{"href":"https:\/\/www.topofilosofia.net\/cisonhos\/wp-json\/wp\/v2\/pages"}],"about":[{"href":"https:\/\/www.topofilosofia.net\/cisonhos\/wp-json\/wp\/v2\/types\/page"}],"author":[{"embeddable":true,"href":"https:\/\/www.topofilosofia.net\/cisonhos\/wp-json\/wp\/v2\/users\/1"}],"replies":[{"embeddable":true,"href":"https:\/\/www.topofilosofia.net\/cisonhos\/wp-json\/wp\/v2\/comments?post=128"}],"version-history":[{"count":9,"href":"https:\/\/www.topofilosofia.net\/cisonhos\/wp-json\/wp\/v2\/pages\/128\/revisions"}],"predecessor-version":[{"id":220,"href":"https:\/\/www.topofilosofia.net\/cisonhos\/wp-json\/wp\/v2\/pages\/128\/revisions\/220"}],"wp:attachment":[{"href":"https:\/\/www.topofilosofia.net\/cisonhos\/wp-json\/wp\/v2\/media?parent=128"}],"curies":[{"name":"wp","href":"https:\/\/api.w.org\/{rel}","templated":true}]}}