{"id":113,"date":"2020-09-17T10:51:01","date_gmt":"2020-09-17T13:51:01","guid":{"rendered":"https:\/\/www.topofilosofia.net\/cisonhos\/?page_id=113"},"modified":"2020-09-19T15:34:43","modified_gmt":"2020-09-19T18:34:43","slug":"a-proposta","status":"publish","type":"page","link":"https:\/\/www.topofilosofia.net\/cisonhos\/a-proposta\/","title":{"rendered":"a proposta"},"content":{"rendered":"<div class=\"tmpl-call_to_action-10 boldgrid-section dynamic-gridblock background-fixed\" style=\"background-position: 50% 50%; background-size: cover; background-image: url('https:\/\/www.topofilosofia.net\/cisonhos\/wp-content\/uploads\/2020\/09\/ixlibrb-0.3.5q80fmjpgcropentropycstinysrgbw1600h900fitcropse0a9cef68b370934733b7b096be8233b.jpg');\" data-image-url=\"https:\/\/www.topofilosofia.net\/cisonhos\/wp-content\/uploads\/2020\/09\/ixlibrb-0.3.5q80fmjpgcropentropycstinysrgbw1600h900fitcropse0a9cef68b370934733b7b096be8233b.jpg\">\n<div class=\"container-fluid\">\n<div class=\"row\" data-image-url=\"https:\/\/www.topofilosofia.net\/cisonhos\/wp-content\/uploads\/2020\/09\/livros_04.jpg\" style=\"background-image: url('https:\/\/www.topofilosofia.net\/cisonhos\/wp-content\/uploads\/2020\/09\/livros_04.jpg'); background-size: cover; background-position: 50% 50%;\">\n<div class=\"col-md-1 col-sm-1 col-xs-12 color3-background-color color-3-text-contrast bg-background-color\"><\/div>\n<div class=\"col-md-5 col-sm-7 col-xs-8 color3-background-color color-3-text-contrast bg-background-color\" style=\"padding: 1em;\">\n<div class=\"row\">\n<div class=\"col-md-6 col-sm-4 col-xs-12\"><\/div>\n<div class=\"col-md-6 col-sm-8 col-xs-12\">\n<div>\n<h1 class=\"color3-background-color color-3-text-contrast bg-background-color\" style=\"text-align: right; z-index: 1; position: relative; margin-right: -100px; padding: 0.3em;\"><strong>a proposta did\u00e1tico-pedag\u00f3gica.<\/strong><\/h1>\n<\/div>\n<\/div>\n<\/div>\n<div class=\"row bg-editor-hr-wrap\">\n<div class=\"col-md-8 col-sm-8 col-xs-12\">\n<div>\n<h3><strong>o Sonho \u00e9 a realiza\u00e7\u00e3o de um desejo<\/strong><\/h3>\n<p class=\"\"><strong>nesta p\u00e1gina voc\u00ea ter\u00e1 uma ideia da nossa proposta did\u00e1tico-pedag\u00f3gica para o estudo dos sonhos na teoria psicanal\u00edtica de Freud.<\/strong><\/p>\n<\/div>\n<\/div>\n<div class=\"col-md-4 col-sm-4 col-xs-12 align-column-center\">\n<div>\n<hr class=\"color2-color bg-hr\" style=\"margin-left: 0;\" width=\"50%\">\n<p class=\"\" style=\"font-weight: bold;\"><strong>A an\u00e1lise dos sonhos \u00e9 a vida r\u00e9gia para o inconsciente<\/strong><\/p>\n<\/div>\n<\/div>\n<\/div>\n<div class=\"row bg-editor-hr-wrap\">\n<div class=\"col-md-8 col-sm-8 col-xs-12\">\n<div>\n<h3>: :&nbsp;<\/h3>\n<p class=\"\"><strong>Nossa proposta did\u00e1tica no universo digital levar\u00e1 em conta a intera\u00e7\u00e3o, o tempo e a ludicidade.<\/strong><\/p>\n<\/div>\n<\/div>\n<div class=\"col-md-4 col-sm-4 col-xs-12 align-column-center\">\n<div><\/div>\n<\/div>\n<\/div>\n<\/div>\n<div class=\"col-md-6 col-sm-4 col-xs-4\"><\/div>\n<\/div>\n<\/div>\n<\/div>\n<div class=\"color4-background-color color-4-text-contrast bg-background-color tmpl-premium-2 boldgrid-section dynamic-gridblock\">\n<div class=\"container\">\n<div class=\"row\" style=\"padding-top: 150px; padding-bottom: 50px;\">\n<div class=\"col-md-5 col-sm-5 col-xs-8 align-column-bottom color5-border-color\" style=\"border: 7px solid;\">\n<p class=\"\" style=\"margin: -100px -70px 35px 20px;\"><img loading=\"lazy\" decoding=\"async\" class=\"bg-img alignnone wp-image-212 size-medium\" style=\"position: relative; z-index: 1;\" src=\"https:\/\/www.topofilosofia.net\/cisonhos\/wp-content\/uploads\/2020\/09\/128_0_555_555_gabinete_Freud-1024x768.jpg\" alt=\"\" width=\"555\" height=\"555\" srcset=\"https:\/\/www.topofilosofia.net\/cisonhos\/wp-content\/uploads\/2020\/09\/128_0_555_555_gabinete_Freud-1024x768.jpg 555w, https:\/\/www.topofilosofia.net\/cisonhos\/wp-content\/uploads\/2020\/09\/gabinete_Freud-150x150.jpg 150w, https:\/\/www.topofilosofia.net\/cisonhos\/wp-content\/uploads\/2020\/09\/gabinete_Freud-48x48.jpg 48w, https:\/\/www.topofilosofia.net\/cisonhos\/wp-content\/uploads\/2020\/09\/gabinete_Freud-300x300.jpg 300w\" sizes=\"auto, (max-width: 555px) 100vw, 555px\" \/><\/p>\n<\/div>\n<div class=\"col-md-1 col-sm-2 col-xs-4\">\n<div class=\"bg-box-square bg-box-cover color5-background-color color-5-text-contrast bg-background-color color5-border-color bg-box\" style=\"position: relative; z-index: 0; margin: 50px 0px 0px -90px; padding: 5em; border: 15px solid;\"><\/div>\n<\/div>\n<div class=\"col-md-1 col-sm-1 col-xs-12\"><\/div>\n<div class=\"col-md-4 col-sm-4 col-xs-12 align-column-center\">\n<h1 class=\"\">na sua casa<\/h1>\n<p class=\"\"><strong>o curso foi modelado para que voc\u00ea possa realiz\u00e1-lo em qualquer lugar, como por exemplo, na sua casa, quando voc\u00ea reserva um espa\u00e7o e um tempo para si mesmo.<\/strong><\/p>\n<p class=\"\" style=\"font-size: 12px;\">[st\u00fadio de Freud, em Londres]<\/p>\n<\/div>\n<div class=\"col-md-1 col-sm-12 col-xs-12\"><\/div>\n<\/div>\n<div class=\"row\" style=\"padding-top: 50px; padding-bottom: 75px;\">\n<div class=\"col-md-7 col-sm-6 col-xs-12 align-column-bottom\">\n<h2 class=\"\">estudando Freud<\/h2>\n<p class=\"\"><strong>o curso \u00abA interpreta\u00e7\u00e3o dos Sonhos\u00bb [Die Traumdeutung]<\/strong><b>&nbsp;foi projetado para proporcionar ao aluno o melhor do mundo digital &amp; interativo. A sua mais completa experi\u00eancia poder\u00e1 ser atingida utilizando seu desktop ou laptop, com seus fones de ouvido, mas se voc\u00ea tamb\u00e9m pode ser realizado em seu tablet ou smartPhone.<\/b><\/p>\n<\/div>\n<div class=\"col-md-1 col-sm-1 col-xs-12\"><\/div>\n<div class=\"col-md-3 col-xs-9 col-sm-4 color5-border-color\" style=\"border: 7px solid;\">\n<p class=\"\" style=\"margin: 30px -70px -100px 15px;\"><img loading=\"lazy\" decoding=\"async\" class=\"bg-img alignnone wp-image-213 size-medium\" src=\"https:\/\/www.topofilosofia.net\/cisonhos\/wp-content\/uploads\/2020\/09\/mocao_lendo-300x300.jpg\" alt=\"\" width=\"300\" height=\"300\" srcset=\"https:\/\/www.topofilosofia.net\/cisonhos\/wp-content\/uploads\/2020\/09\/mocao_lendo.jpg 300w, https:\/\/www.topofilosofia.net\/cisonhos\/wp-content\/uploads\/2020\/09\/mocao_lendo-150x150.jpg 150w, https:\/\/www.topofilosofia.net\/cisonhos\/wp-content\/uploads\/2020\/09\/mocao_lendo-48x48.jpg 48w, https:\/\/www.topofilosofia.net\/cisonhos\/wp-content\/uploads\/2020\/09\/mocao_lendo-250x250.jpg 250w, https:\/\/www.topofilosofia.net\/cisonhos\/wp-content\/uploads\/2020\/09\/mocao_lendo-180x180.jpg 180w\" sizes=\"auto, (max-width: 300px) 100vw, 300px\" \/><\/p>\n<\/div>\n<div class=\"col-md-1 col-xs-3 col-sm-1\"><\/div>\n<\/div>\n<div class=\"row\" style=\"padding-top: 75px; padding-bottom: 100px;\">\n<div class=\"col-md-3 col-xs-9 col-sm-5 align-column-bottom color5-background-color color-5-text-contrast bg-background-color\">\n<p class=\"\" style=\"margin: -40px -60px 30px 20px;\"><img loading=\"lazy\" decoding=\"async\" class=\"bg-img alignnone wp-image-124 size-medium\" src=\"https:\/\/www.topofilosofia.net\/cisonhos\/wp-content\/uploads\/2020\/09\/hipermidia-300x230.jpg\" alt=\"\" width=\"300\" height=\"230\" srcset=\"https:\/\/www.topofilosofia.net\/cisonhos\/wp-content\/uploads\/2020\/09\/hipermidia-300x230.jpg 300w, https:\/\/www.topofilosofia.net\/cisonhos\/wp-content\/uploads\/2020\/09\/hipermidia-250x192.jpg 250w, https:\/\/www.topofilosofia.net\/cisonhos\/wp-content\/uploads\/2020\/09\/hipermidia-235x180.jpg 235w, https:\/\/www.topofilosofia.net\/cisonhos\/wp-content\/uploads\/2020\/09\/hipermidia-392x300.jpg 392w, https:\/\/www.topofilosofia.net\/cisonhos\/wp-content\/uploads\/2020\/09\/hipermidia.jpg 500w\" sizes=\"auto, (max-width: 300px) 100vw, 300px\" \/><\/p>\n<\/div>\n<div class=\"col-md-1 col-xs-3 col-sm-7\"><\/div>\n<div class=\"col-md-4 col-sm-12 col-xs-12 align-column-bottom\" style=\"padding-right: 2.5em;\">\n<h3 class=\"\">hiperm\u00eddia<\/h3>\n<p class=\"\"><strong>nas aulas ser\u00e3o utilizados recursos hiperm\u00eddia, como por exemplo, slides, anima\u00e7\u00f5es, linhas do tempo, v\u00eddeos e \u00e1udios, todos estes, apresentados de forma did\u00e1tica. <\/strong><\/p>\n<p class=\"\"><b>se voc\u00ea foi surpreendido por um compromisso no dia que estabeleceu para fazer a aula, n\u00e3o h\u00e1 problema, pois o conte\u00fado estar\u00e1 l\u00e1 e voc\u00ea pode se programar para fazer a aula dentro do seu tempo, planejamento e ritmo.<\/b><\/p>\n<\/div>\n<div class=\"col-md-4 col-sm-12 col-xs-12 align-column-bottom\" style=\"padding-right: 2.5em;\">\n<h3 class=\"\">linha do tempo progressiva<\/h3>\n<p class=\"\"><strong>o conte\u00fado do curso ser\u00e1 apresentado seguindo a linha cronol\u00f3gica do pensamento freudiano na \u00abInterpreta\u00e7\u00e3o do Sonhos\u00bb.<\/strong><\/p>\n<p class=\"\"><strong>isso lhe permitir\u00e1 a constru\u00e7\u00e3o progressiva do conhecimento, tendo como guia os exemplos cl\u00ednicos e os sonhos trabalhados por Freud.<\/strong><\/p>\n<\/div>\n<\/div>\n<div class=\"row\" style=\"padding-top: 100px; padding-bottom: 50px;\">\n<div class=\"col-md-1 col-sm-1 col-xs-4\"><\/div>\n<div class=\"col-md-1 col-sm-2 col-xs-8 align-column-center\" style=\"padding: 0em 0em 0em 0.9em;\">\n<div class=\"bg-box-square bg-box-cover color5-background-color color-5-text-contrast bg-background-color bg-box\" style=\"position: relative; z-index: 0; border-radius: 0px; margin: -100px 0px 0px 10px; padding: 5em 0em;\"><\/div>\n<\/div>\n<div class=\"col-md-4 col-sm-4 col-xs-12 align-column-bottom color5-background-color color-5-text-contrast bg-background-color color5-border-color\" style=\"border: 7px solid;\">\n<p class=\"\" style=\"margin: -75px 0px 25px -65px;\"><img loading=\"lazy\" decoding=\"async\" class=\"bg-img alignnone wp-image-233 \" src=\"https:\/\/www.topofilosofia.net\/cisonhos\/wp-content\/uploads\/2020\/09\/53_0_212_159_topologia_nos.jpeg\" alt=\"\" width=\"343\" height=\"257\"><\/p>\n<\/div>\n<div class=\"col-md-1 col-sm-1 col-xs-12\"><\/div>\n<div class=\"col-md-3 col-sm-4 col-xs-12\">\n<h3 class=\"\">estudo l\u00fadico<\/h3>\n<p class=\"\"><strong>o estudo do pensamento de Freud deve comportar o car\u00e1ter l\u00fadico que ele recolhia de sua rela\u00e7\u00e3o com seu amor pela arte.<\/strong><\/p>\n<\/div>\n<div class=\"col-md-2 col-sm-12 col-xs-12\"><\/div>\n<\/div>\n<div class=\"row\" style=\"padding-top: 50px; padding-bottom: 75px;\">\n<div class=\"col-md-7 col-sm-5 col-xs-12 align-column-bottom\">\n<h2 class=\"\">as aulas<\/h2>\n<p class=\"p1\"><b>O Curso iniciar\u00e1 as suas atividades em 01 de novembro de 2020.<\/b><\/p>\n<p class=\"p1\"><b>As aulas do curso possuem um ciclo de atividade de 30 dias. A partir do ingresso no Curso, seja em qual data voc\u00ea entrar, voc\u00ea receber\u00e1 cada aula sequencialmente dentro de um ciclo de atividades de 30 em 30 dias, considerando como dia de recebimento o primeiro dia de cada m\u00eas.<\/b><\/p>\n<p class=\"\"><strong>Cada aula ficar\u00e1 dispon\u00edvel para consulta durante um per\u00edodo de 60 dias. Assim, se o aluno desejar retornar \u00e0 alguma aula ap\u00f3s t\u00ea-la iniciado, ele ter\u00e1 a possibilidade de faz\u00ea-la durante esse per\u00edodo.<\/strong><\/p>\n<p class=\"\"><strong>Todas as aulas ser\u00e3o realizadas tendo como centro did\u00e1tico \u00abv\u00eddeos hiperm\u00eddia\u00bb, em um site especialmente desenhado e preparado para o seu estudo, ao qual o inscrito ter\u00e1 acesso especial mediante login e senha.<\/strong><\/p>\n<p class=\"\">&nbsp;<\/p>\n<\/div>\n<div class=\"col-md-1 col-sm-1 col-xs-1\"><\/div>\n<div class=\"col-md-3 col-sm-5 col-xs-7 align-column-bottom color5-background-color color-5-text-contrast bg-background-color\">\n<p class=\"\" style=\"margin: 75px -50px -60px 19px;\"><img loading=\"lazy\" decoding=\"async\" class=\"bg-img alignnone wp-image-234 size-large\" src=\"https:\/\/www.topofilosofia.net\/cisonhos\/wp-content\/uploads\/2020\/09\/406_0_300.32573289902_400_dToro_04-1024x614.jpg\" alt=\"\" width=\"300\" height=\"400\"><\/p>\n<\/div>\n<div class=\"col-md-1 col-sm-1 col-xs-4\"><\/div>\n<\/div>\n<div class=\"row\" style=\"padding-top: 75px;\">\n<div class=\"col-md-2 col-sm-1 col-xs-12\"><\/div>\n<div class=\"col-md-7 col-xs-12 col-sm-10 color5-border-color\" style=\"border-top: 7px solid; border-left: 7px solid; padding-bottom: 1.5em;\">\n<p class=\"\">&nbsp;<\/p>\n<\/div>\n<div class=\"col-md-3 col-sm-1 col-xs-12\"><\/div>\n<\/div>\n<div class=\"row\">\n<div class=\"col-md-3 col-sm-12 col-xs-12\"><\/div>\n<div class=\"col-md-6 col-xs-12 col-sm-12\" style=\"text-align: center;\">\n<h3 class=\"\" style=\"margin-top: 0;\">estudar \u00e9 alimentar a nossa alma<\/h3>\n<p class=\"\">se voc\u00ea se interessou pela nossa proposta, venha fazer o curso<\/p>\n<p class=\"\"><a class=\"btn-color-5 btn btn-uppercase btn-pill btn-raised btn-normal\" href=\"https:\/\/www.topofilosofia.net\/cisonhos\/inscricao\/\"><strong>inscreva-se<\/strong><\/a><\/p>\n<\/div>\n<div class=\"col-md-3 col-sm-1 col-xs-12\"><\/div>\n<\/div>\n<div class=\"row\" style=\"padding-bottom: 75px;\">\n<div class=\"col-md-3 col-sm-1 col-xs-12\"><\/div>\n<div class=\"col-md-7 col-xs-12 col-sm-10 color5-border-color\" style=\"border-right: 7px solid; border-bottom: 7px solid; padding-top: 1.5em;\">\n<p class=\"\">&nbsp;<\/p>\n<\/div>\n<div class=\"col-md-2 col-sm-1 col-xs-12\"><\/div>\n<\/div>\n<\/div>\n<\/div>\n<div class=\"boldgrid-section\">\n<div class=\"container\">\n<div class=\"row\">\n<div class=\"col-md-12 col-xs-12 col-sm-12\">\n<p class=\"\">&nbsp;<\/p>\n<\/div>\n<\/div>\n<\/div>\n<\/div>\n","protected":false},"excerpt":{"rendered":"<p>a proposta did\u00e1tico-pedag\u00f3gica. o Sonho \u00e9 a realiza\u00e7\u00e3o de um desejo nesta p\u00e1gina voc\u00ea ter\u00e1 uma ideia da nossa proposta did\u00e1tico-pedag\u00f3gica para o estudo dos sonhos na teoria psicanal\u00edtica de Freud. A an\u00e1lise dos sonhos \u00e9 a vida r\u00e9gia para o inconsciente : :&nbsp; Nossa proposta did\u00e1tica no universo digital levar\u00e1 em conta a intera\u00e7\u00e3o, [&hellip;]<\/p>\n","protected":false},"author":1,"featured_media":0,"parent":0,"menu_order":0,"comment_status":"closed","ping_status":"closed","template":"","meta":{"bgseo_title":"","bgseo_description":"","bgseo_robots_index":"index","bgseo_robots_follow":"follow","footnotes":""},"class_list":["post-113","page","type-page","status-publish"],"_links":{"self":[{"href":"https:\/\/www.topofilosofia.net\/cisonhos\/wp-json\/wp\/v2\/pages\/113","targetHints":{"allow":["GET"]}}],"collection":[{"href":"https:\/\/www.topofilosofia.net\/cisonhos\/wp-json\/wp\/v2\/pages"}],"about":[{"href":"https:\/\/www.topofilosofia.net\/cisonhos\/wp-json\/wp\/v2\/types\/page"}],"author":[{"embeddable":true,"href":"https:\/\/www.topofilosofia.net\/cisonhos\/wp-json\/wp\/v2\/users\/1"}],"replies":[{"embeddable":true,"href":"https:\/\/www.topofilosofia.net\/cisonhos\/wp-json\/wp\/v2\/comments?post=113"}],"version-history":[{"count":11,"href":"https:\/\/www.topofilosofia.net\/cisonhos\/wp-json\/wp\/v2\/pages\/113\/revisions"}],"predecessor-version":[{"id":244,"href":"https:\/\/www.topofilosofia.net\/cisonhos\/wp-json\/wp\/v2\/pages\/113\/revisions\/244"}],"wp:attachment":[{"href":"https:\/\/www.topofilosofia.net\/cisonhos\/wp-json\/wp\/v2\/media?parent=113"}],"curies":[{"name":"wp","href":"https:\/\/api.w.org\/{rel}","templated":true}]}}